{"id":999,"date":"2020-02-16T15:12:09","date_gmt":"2020-02-16T14:12:09","guid":{"rendered":"https:\/\/groupe-renaudi.com\/site\/?page_id=999"},"modified":"2020-02-20T11:11:15","modified_gmt":"2020-02-20T10:11:15","slug":"routes-et-voiries","status":"publish","type":"page","link":"https:\/\/groupe-renaudi.com\/site\/routes-et-voiries\/","title":{"rendered":"Routes et voiries"},"content":{"rendered":"<p>[et_pb_section fb_built=\u00a0\u00bb1&Prime; fullwidth=\u00a0\u00bbon\u00a0\u00bb _builder_version=\u00a0\u00bb4.0.2&Prime; animation_style=\u00a0\u00bbfade\u00a0\u00bb collapsed=\u00a0\u00bbon\u00a0\u00bb][et_pb_fullwidth_image src=\u00a0\u00bbhttps:\/\/groupe-renaudi.com\/site\/wp-content\/uploads\/2020\/02\/header-routes.jpg\u00a0\u00bb _builder_version=\u00a0\u00bb4.3.2&Prime;][\/et_pb_fullwidth_image][\/et_pb_section][et_pb_section fb_built=\u00a0\u00bb1&Prime; disabled_on=\u00a0\u00bbon|on|off\u00a0\u00bb admin_label=\u00a0\u00bbversion DESKTOP\u00a0\u00bb module_id=\u00a0\u00bbtama\u00a0\u00bb _builder_version=\u00a0\u00bb4.3.2&Prime; background_enable_image=\u00a0\u00bboff\u00a0\u00bb module_alignment=\u00a0\u00bbcenter\u00a0\u00bb custom_margin=\u00a0\u00bb0px||||false|false\u00a0\u00bb custom_padding=\u00a0\u00bb0px||||false|false\u00a0\u00bb collapsed=\u00a0\u00bboff\u00a0\u00bb][et_pb_row admin_label=\u00a0\u00bbTitre\u00a0\u00bb _builder_version=\u00a0\u00bb4.3.2&Prime; max_width=\u00a0\u00bb1400px\u00a0\u00bb custom_margin=\u00a0\u00bb10px||0px||false|false\u00a0\u00bb custom_padding=\u00a0\u00bb||0px||false|false\u00a0\u00bb collapsed=\u00a0\u00bboff\u00a0\u00bb][et_pb_column type=\u00a0\u00bb4_4&Prime; _builder_version=\u00a0\u00bb4.3.2&Prime;][et_pb_text _builder_version=\u00a0\u00bb4.3.2&Prime; text_font=\u00a0\u00bb||||||||\u00a0\u00bb text_text_color=\u00a0\u00bb#575757&Prime; text_font_size=\u00a0\u00bb25px\u00a0\u00bb text_line_height=\u00a0\u00bb2em\u00a0\u00bb header_font=\u00a0\u00bb|700||on|||||\u00a0\u00bb header_text_color=\u00a0\u00bb#00b4d5&Prime; header_font_size=\u00a0\u00bb35px\u00a0\u00bb custom_margin=\u00a0\u00bb||0px||false|false\u00a0\u00bb custom_padding=\u00a0\u00bb||0px||false|false\u00a0\u00bb hover_enabled=\u00a0\u00bb0&Prime;]<\/p>\n<h1 style=\"text-align: left;\">routes<br \/>\net voiries<\/h1>\n<p>[\/et_pb_text][\/et_pb_column][\/et_pb_row][et_pb_row column_structure=\u00a0\u00bb1_3,2_3&Prime; use_custom_gutter=\u00a0\u00bbon\u00a0\u00bb gutter_width=\u00a0\u00bb1&Prime; disabled_on=\u00a0\u00bbon|on|off\u00a0\u00bb admin_label=\u00a0\u00bbLigne\u00a0\u00bb _builder_version=\u00a0\u00bb4.3.2&Prime; max_width=\u00a0\u00bb1400px\u00a0\u00bb custom_margin=\u00a0\u00bb0px||0px||false|false\u00a0\u00bb custom_padding=\u00a0\u00bb0px||0px||false|false\u00a0\u00bb collapsed=\u00a0\u00bboff\u00a0\u00bb][et_pb_column type=\u00a0\u00bb1_3&Prime; _builder_version=\u00a0\u00bb4.3.2&Prime; background_enable_image=\u00a0\u00bboff\u00a0\u00bb][et_pb_image src=\u00a0\u00bbhttps:\/\/groupe-renaudi.com\/site\/wp-content\/uploads\/2020\/02\/ima-route01.jpg\u00a0\u00bb align=\u00a0\u00bbcenter\u00a0\u00bb _builder_version=\u00a0\u00bb4.3.2&Prime; custom_margin=\u00a0\u00bb90px|-40px|||false|false\u00a0\u00bb custom_margin_phone=\u00a0\u00bb0px|0px|40px||false|false\u00a0\u00bb custom_margin_last_edited=\u00a0\u00bboff|desktop\u00a0\u00bb][\/et_pb_image][\/et_pb_column][et_pb_column type=\u00a0\u00bb2_3&Prime; _builder_version=\u00a0\u00bb4.3.2&Prime; background_color=\u00a0\u00bbrgba(0,0,0,0)\u00a0\u00bb custom_padding=\u00a0\u00bb60px|70px|60px|70px|false|false\u00a0\u00bb border_width_all=\u00a0\u00bb1px\u00a0\u00bb border_color_all=\u00a0\u00bb#00b4d5&Prime;][et_pb_text _builder_version=\u00a0\u00bb4.3.2&Prime; text_font=\u00a0\u00bb||||||||\u00a0\u00bb text_text_color=\u00a0\u00bb#575757&Prime; text_font_size=\u00a0\u00bb16px\u00a0\u00bb text_line_height=\u00a0\u00bb2em\u00a0\u00bb background_color=\u00a0\u00bb#ebe8e8&Prime; custom_margin=\u00a0\u00bb||||false|false\u00a0\u00bb custom_padding=\u00a0\u00bb50px|70px|50px|70px|false|false\u00a0\u00bb animation_direction=\u00a0\u00bbright\u00a0\u00bb]<span style=\"color: #00b4d5;\"><strong>En 2014, ann\u00e9e de son 50e anniversaire,<\/strong><\/span> le Groupe Renaudi fait l\u2019acquisition de la soci\u00e9t\u00e9 CEFAP qui lui apporte notamment son expertise dans les travaux de voirie et de rev\u00eatement de chauss\u00e9es. Dans ce secteur d\u2019activit\u00e9 tr\u00e8s exigeant et fortement concurrentiel, le Groupe compte d\u00e9sormais parmi les acteurs de r\u00e9f\u00e9rence dans la r\u00e9gion, gr\u00e2ce \u00e0 l\u2019implication et au savoir-faire de ses \u00e9quipes.[\/et_pb_text][\/et_pb_column][\/et_pb_row][\/et_pb_section][et_pb_section fb_built=\u00a0\u00bb1&Prime; disabled_on=\u00a0\u00bboff|off|on\u00a0\u00bb admin_label=\u00a0\u00bbversion SMART\u00a0\u00bb module_id=\u00a0\u00bbtama\u00a0\u00bb _builder_version=\u00a0\u00bb4.3.2&Prime; background_enable_image=\u00a0\u00bboff\u00a0\u00bb module_alignment=\u00a0\u00bbcenter\u00a0\u00bb custom_padding=\u00a0\u00bb||||false|false\u00a0\u00bb collapsed=\u00a0\u00bboff\u00a0\u00bb][et_pb_row admin_label=\u00a0\u00bbTitre\u00a0\u00bb _builder_version=\u00a0\u00bb4.3.2&Prime; max_width=\u00a0\u00bb1300px\u00a0\u00bb custom_margin=\u00a0\u00bb||0px||false|false\u00a0\u00bb custom_padding=\u00a0\u00bb||0px||false|false\u00a0\u00bb collapsed=\u00a0\u00bboff\u00a0\u00bb][et_pb_column type=\u00a0\u00bb4_4&Prime; _builder_version=\u00a0\u00bb4.3.2&Prime;][et_pb_text _builder_version=\u00a0\u00bb4.3.2&Prime; text_font=\u00a0\u00bb||||||||\u00a0\u00bb text_text_color=\u00a0\u00bb#575757&Prime; text_font_size=\u00a0\u00bb25px\u00a0\u00bb text_line_height=\u00a0\u00bb2em\u00a0\u00bb header_font=\u00a0\u00bb|700||on|||||\u00a0\u00bb header_text_color=\u00a0\u00bb#00b4d5&Prime; header_font_size=\u00a0\u00bb25px\u00a0\u00bb custom_margin=\u00a0\u00bb||0px||false|false\u00a0\u00bb custom_padding=\u00a0\u00bb||0px||false|false\u00a0\u00bb]<\/p>\n<h1 style=\"text-align: left;\">routes<br \/>\net voiries<\/h1>\n<p>[\/et_pb_text][\/et_pb_column][\/et_pb_row][et_pb_row column_structure=\u00a0\u00bb2_5,3_5&Prime; use_custom_gutter=\u00a0\u00bbon\u00a0\u00bb gutter_width=\u00a0\u00bb1&Prime; disabled_on=\u00a0\u00bboff|off|on\u00a0\u00bb admin_label=\u00a0\u00bbLigne\u00a0\u00bb _builder_version=\u00a0\u00bb4.3.2&Prime; max_width=\u00a0\u00bb1300px\u00a0\u00bb custom_margin=\u00a0\u00bb||||false|false\u00a0\u00bb custom_padding=\u00a0\u00bb||||false|false\u00a0\u00bb collapsed=\u00a0\u00bboff\u00a0\u00bb][et_pb_column type=\u00a0\u00bb2_5&Prime; _builder_version=\u00a0\u00bb4.3.2&Prime; background_enable_image=\u00a0\u00bboff\u00a0\u00bb][et_pb_text _builder_version=\u00a0\u00bb4.3.2&Prime; text_font=\u00a0\u00bb||||||||\u00a0\u00bb text_text_color=\u00a0\u00bb#575757&Prime; text_font_size=\u00a0\u00bb16px\u00a0\u00bb text_line_height=\u00a0\u00bb2em\u00a0\u00bb background_color=\u00a0\u00bb#ffffff\u00a0\u00bb custom_margin=\u00a0\u00bb||||false|false\u00a0\u00bb custom_padding=\u00a0\u00bb||||false|false\u00a0\u00bb animation_direction=\u00a0\u00bbright\u00a0\u00bb]<span style=\"color: #00b4d5;\"><strong>En 2014, ann\u00e9e de son 50e anniversaire,<\/strong><\/span> le Groupe Renaudi fait l\u2019acquisition de la soci\u00e9t\u00e9 CEFAP qui lui apporte notamment son expertise dans les travaux de voirie et de rev\u00eatement de chauss\u00e9es. Dans ce secteur d\u2019activit\u00e9 tr\u00e8s exigeant et fortement concurrentiel, le Groupe compte d\u00e9sormais parmi les acteurs de r\u00e9f\u00e9rence dans la r\u00e9gion, gr\u00e2ce \u00e0 l\u2019implication et au savoir-faire de ses \u00e9quipes.[\/et_pb_text][\/et_pb_column][et_pb_column type=\u00a0\u00bb3_5&Prime; _builder_version=\u00a0\u00bb4.3.2&Prime; background_color=\u00a0\u00bbrgba(0,0,0,0)\u00a0\u00bb custom_padding=\u00a0\u00bb||||false|false\u00a0\u00bb border_color_all=\u00a0\u00bb#00b4d5&Prime;][et_pb_image src=\u00a0\u00bbhttps:\/\/groupe-renaudi.com\/site\/wp-content\/uploads\/2020\/02\/ima-route01.jpg\u00a0\u00bb show_bottom_space=\u00a0\u00bboff\u00a0\u00bb align=\u00a0\u00bbcenter\u00a0\u00bb _builder_version=\u00a0\u00bb4.3.2&Prime; custom_margin=\u00a0\u00bb40px||40px||false|false\u00a0\u00bb custom_margin_phone=\u00a0\u00bb0px|0px|40px||false|false\u00a0\u00bb custom_margin_last_edited=\u00a0\u00bboff|desktop\u00a0\u00bb][\/et_pb_image][\/et_pb_column][\/et_pb_row][\/et_pb_section][et_pb_section fb_built=\u00a0\u00bb1&Prime; fullwidth=\u00a0\u00bbon\u00a0\u00bb _builder_version=\u00a0\u00bb4.0.2&Prime; animation_style=\u00a0\u00bbfade\u00a0\u00bb collapsed=\u00a0\u00bbon\u00a0\u00bb][et_pb_fullwidth_image src=\u00a0\u00bbhttps:\/\/groupe-renaudi.com\/site\/wp-content\/uploads\/2020\/02\/header02-routes.jpg\u00a0\u00bb _builder_version=\u00a0\u00bb4.3.2&Prime;][\/et_pb_fullwidth_image][\/et_pb_section][et_pb_section fb_built=\u00a0\u00bb1&Prime; disabled_on=\u00a0\u00bbon|on|off\u00a0\u00bb admin_label=\u00a0\u00bbversion DESKTOP\u00a0\u00bb module_id=\u00a0\u00bbtama\u00a0\u00bb _builder_version=\u00a0\u00bb4.3.2&Prime; background_image=\u00a0\u00bbhttps:\/\/groupe-renaudi.com\/site\/wp-content\/uploads\/2020\/02\/ima-route02.jpg\u00a0\u00bb background_size=\u00a0\u00bbcontain\u00a0\u00bb background_position=\u00a0\u00bbbottom_center\u00a0\u00bb module_alignment=\u00a0\u00bbcenter\u00a0\u00bb custom_margin=\u00a0\u00bb40px||80px||false|false\u00a0\u00bb custom_padding=\u00a0\u00bb||||false|false\u00a0\u00bb collapsed=\u00a0\u00bboff\u00a0\u00bb][et_pb_row column_structure=\u00a0\u00bb3_5,2_5&Prime; use_custom_gutter=\u00a0\u00bbon\u00a0\u00bb gutter_width=\u00a0\u00bb1&Prime; disabled_on=\u00a0\u00bbon|on|off\u00a0\u00bb admin_label=\u00a0\u00bbLigne\u00a0\u00bb _builder_version=\u00a0\u00bb4.3.2&Prime; max_width=\u00a0\u00bb1400px\u00a0\u00bb custom_margin=\u00a0\u00bb0px||0px||false|false\u00a0\u00bb custom_padding=\u00a0\u00bb0px||0px||false|false\u00a0\u00bb collapsed=\u00a0\u00bboff\u00a0\u00bb][et_pb_column type=\u00a0\u00bb3_5&Prime; _builder_version=\u00a0\u00bb4.3.2&Prime; background_color=\u00a0\u00bbrgba(0,0,0,0)\u00a0\u00bb custom_padding=\u00a0\u00bb60px|70px|60px|70px|false|false\u00a0\u00bb border_width_all=\u00a0\u00bb1px\u00a0\u00bb border_color_all=\u00a0\u00bb#00b4d5&Prime;][et_pb_text _builder_version=\u00a0\u00bb4.3.2&Prime; text_font=\u00a0\u00bb||||||||\u00a0\u00bb text_text_color=\u00a0\u00bb#575757&Prime; text_font_size=\u00a0\u00bb16px\u00a0\u00bb text_line_height=\u00a0\u00bb2em\u00a0\u00bb background_color=\u00a0\u00bbrgba(235,232,232,0.82)\u00a0\u00bb custom_margin=\u00a0\u00bb||||false|false\u00a0\u00bb custom_padding=\u00a0\u00bb50px|70px|50px|70px|false|false\u00a0\u00bb animation_direction=\u00a0\u00bbright\u00a0\u00bb]<span style=\"color: #00b4d5;\"><strong>R\u00e9alisations embl\u00e9matiques :<\/strong><\/span> Route m\u00e9tropolitaine 6202 Carrefour des Arboras \u00e0 Nice, port de commerce de Nice pour la CCI Nice C\u00f4te d\u2019Azur, voirie de la ville de Mouans-Sartoux, Hippodrome de la C\u00f4te d\u2019Azur \u00e0 Cagnes-sur-mer, chauss\u00e9e \u00e0 Villeneuve-Loubet\u2026[\/et_pb_text][\/et_pb_column][et_pb_column type=\u00a0\u00bb2_5&Prime; _builder_version=\u00a0\u00bb4.3.2&Prime; background_color=\u00a0\u00bbrgba(0,0,0,0)\u00a0\u00bb background_enable_image=\u00a0\u00bboff\u00a0\u00bb][\/et_pb_column][\/et_pb_row][\/et_pb_section][et_pb_section fb_built=\u00a0\u00bb1&Prime; disabled_on=\u00a0\u00bboff|off|on\u00a0\u00bb admin_label=\u00a0\u00bbversion SMART\u00a0\u00bb module_id=\u00a0\u00bbtama\u00a0\u00bb _builder_version=\u00a0\u00bb4.3.2&Prime; background_enable_image=\u00a0\u00bboff\u00a0\u00bb background_size=\u00a0\u00bbcontain\u00a0\u00bb background_position=\u00a0\u00bbbottom_center\u00a0\u00bb module_alignment=\u00a0\u00bbcenter\u00a0\u00bb custom_padding=\u00a0\u00bb||||false|false\u00a0\u00bb collapsed=\u00a0\u00bboff\u00a0\u00bb][et_pb_row column_structure=\u00a0\u00bb3_5,2_5&Prime; use_custom_gutter=\u00a0\u00bbon\u00a0\u00bb gutter_width=\u00a0\u00bb1&Prime; disabled_on=\u00a0\u00bboff|off|off\u00a0\u00bb admin_label=\u00a0\u00bbLigne\u00a0\u00bb _builder_version=\u00a0\u00bb4.3.2&Prime; max_width=\u00a0\u00bb1300px\u00a0\u00bb custom_margin=\u00a0\u00bb0px||0px||false|false\u00a0\u00bb custom_padding=\u00a0\u00bb0px||0px||false|false\u00a0\u00bb collapsed=\u00a0\u00bboff\u00a0\u00bb][et_pb_column type=\u00a0\u00bb3_5&Prime; _builder_version=\u00a0\u00bb4.3.2&Prime; background_color=\u00a0\u00bbrgba(0,0,0,0)\u00a0\u00bb custom_padding=\u00a0\u00bb||||false|false\u00a0\u00bb border_color_all=\u00a0\u00bb#00b4d5&Prime;][et_pb_text _builder_version=\u00a0\u00bb4.3.2&Prime; text_font=\u00a0\u00bb||||||||\u00a0\u00bb text_text_color=\u00a0\u00bb#575757&Prime; text_font_size=\u00a0\u00bb16px\u00a0\u00bb text_line_height=\u00a0\u00bb2em\u00a0\u00bb background_color=\u00a0\u00bb#ffffff\u00a0\u00bb custom_margin=\u00a0\u00bb||||false|false\u00a0\u00bb custom_padding=\u00a0\u00bb||||false|false\u00a0\u00bb animation_direction=\u00a0\u00bbright\u00a0\u00bb]<\/p>\n<p><span style=\"color: #00b4d5;\"><strong>R\u00e9alisations embl\u00e9matiques :<\/strong><\/span> Route m\u00e9tropolitaine 6202 Carrefour des Arboras \u00e0 Nice, port de commerce de Nice pour la CCI Nice C\u00f4te d\u2019Azur, voirie de la ville de Mouans-Sartoux, Hippodrome de la C\u00f4te d\u2019Azur \u00e0 Cagnes-sur-mer, chauss\u00e9e \u00e0 Villeneuve-Loubet\u2026<\/p>\n<p>&nbsp;<\/p>\n<p>[\/et_pb_text][\/et_pb_column][et_pb_column type=\u00a0\u00bb2_5&Prime; _builder_version=\u00a0\u00bb4.3.2&Prime; background_color=\u00a0\u00bbrgba(0,0,0,0)\u00a0\u00bb background_enable_image=\u00a0\u00bboff\u00a0\u00bb][et_pb_text _builder_version=\u00a0\u00bb4.3.2&Prime;]<\/p>\n<p><img loading=\"lazy\" decoding=\"async\" class=\"wp-image-1443 alignnone size-full\" src=\"https:\/\/groupe-renaudi.com\/site\/wp-content\/uploads\/2020\/02\/ima-route03.jpg\" alt=\"\" width=\"700\" height=\"507\" srcset=\"https:\/\/groupe-renaudi.com\/site\/wp-content\/uploads\/2020\/02\/ima-route03.jpg 700w, https:\/\/groupe-renaudi.com\/site\/wp-content\/uploads\/2020\/02\/ima-route03-480x348.jpg 480w\" sizes=\"(min-width: 0px) and (max-width: 480px) 480px, (min-width: 481px) 700px, 100vw\" \/><\/p>\n<p>[\/et_pb_text][\/et_pb_column][\/et_pb_row][\/et_pb_section]<\/p>\n","protected":false},"excerpt":{"rendered":"<p>routes et voiriesEn 2014, ann\u00e9e de son 50e anniversaire, le Groupe Renaudi fait l\u2019acquisition de la soci\u00e9t\u00e9 CEFAP qui lui apporte notamment son expertise dans les travaux de voirie et de rev\u00eatement de chauss\u00e9es. Dans ce secteur d\u2019activit\u00e9 tr\u00e8s exigeant et fortement concurrentiel, le Groupe compte d\u00e9sormais parmi les acteurs de r\u00e9f\u00e9rence dans la r\u00e9gion, [&hellip;]<\/p>\n","protected":false},"author":1,"featured_media":0,"parent":0,"menu_order":0,"comment_status":"closed","ping_status":"closed","template":"","meta":{"_et_pb_use_builder":"on","_et_pb_old_content":"","_et_gb_content_width":"","footnotes":""},"class_list":["post-999","page","type-page","status-publish","hentry"],"_links":{"self":[{"href":"https:\/\/groupe-renaudi.com\/site\/wp-json\/wp\/v2\/pages\/999","targetHints":{"allow":["GET"]}}],"collection":[{"href":"https:\/\/groupe-renaudi.com\/site\/wp-json\/wp\/v2\/pages"}],"about":[{"href":"https:\/\/groupe-renaudi.com\/site\/wp-json\/wp\/v2\/types\/page"}],"author":[{"embeddable":true,"href":"https:\/\/groupe-renaudi.com\/site\/wp-json\/wp\/v2\/users\/1"}],"replies":[{"embeddable":true,"href":"https:\/\/groupe-renaudi.com\/site\/wp-json\/wp\/v2\/comments?post=999"}],"version-history":[{"count":28,"href":"https:\/\/groupe-renaudi.com\/site\/wp-json\/wp\/v2\/pages\/999\/revisions"}],"predecessor-version":[{"id":1659,"href":"https:\/\/groupe-renaudi.com\/site\/wp-json\/wp\/v2\/pages\/999\/revisions\/1659"}],"wp:attachment":[{"href":"https:\/\/groupe-renaudi.com\/site\/wp-json\/wp\/v2\/media?parent=999"}],"curies":[{"name":"wp","href":"https:\/\/api.w.org\/{rel}","templated":true}]}}