{"id":9,"date":"2020-01-30T12:35:46","date_gmt":"2020-01-30T11:35:46","guid":{"rendered":"https:\/\/groupe-renaudi.com\/site\/?page_id=9"},"modified":"2023-09-04T13:36:50","modified_gmt":"2023-09-04T11:36:50","slug":"presentation","status":"publish","type":"page","link":"https:\/\/groupe-renaudi.com\/site\/presentation\/","title":{"rendered":"Pr\u00e9sentation"},"content":{"rendered":"<p>[et_pb_section fb_built=\u00a0\u00bb1&Prime; fullwidth=\u00a0\u00bbon\u00a0\u00bb _builder_version=\u00a0\u00bb4.16&Prime; animation_style=\u00a0\u00bbfade\u00a0\u00bb collapsed=\u00a0\u00bbon\u00a0\u00bb global_colors_info=\u00a0\u00bb{}\u00a0\u00bb][et_pb_fullwidth_image src=\u00a0\u00bbhttps:\/\/groupe-renaudi.com\/site\/wp-content\/uploads\/2020\/01\/slide-pres01.jpg\u00a0\u00bb _builder_version=\u00a0\u00bb4.16&Prime; global_colors_info=\u00a0\u00bb{}\u00a0\u00bb][\/et_pb_fullwidth_image][\/et_pb_section][et_pb_section fb_built=\u00a0\u00bb1&Prime; _builder_version=\u00a0\u00bb4.16&Prime; global_colors_info=\u00a0\u00bb{}\u00a0\u00bb][et_pb_row _builder_version=\u00a0\u00bb4.16&Prime; max_width=\u00a0\u00bb600px\u00a0\u00bb custom_margin=\u00a0\u00bb||0px||false|false\u00a0\u00bb global_colors_info=\u00a0\u00bb{}\u00a0\u00bb][et_pb_column type=\u00a0\u00bb4_4&Prime; _builder_version=\u00a0\u00bb4.16&Prime; global_colors_info=\u00a0\u00bb{}\u00a0\u00bb][et_pb_text _builder_version=\u00a0\u00bb4.16&Prime; header_font=\u00a0\u00bb|600||on|||||\u00a0\u00bb header_line_height=\u00a0\u00bb1.2em\u00a0\u00bb animation_style=\u00a0\u00bbfade\u00a0\u00bb animation_direction=\u00a0\u00bbbottom\u00a0\u00bb header_font_size_tablet=\u00a0\u00bb\u00a0\u00bb header_font_size_phone=\u00a0\u00bb25px\u00a0\u00bb header_font_size_last_edited=\u00a0\u00bbon|phone\u00a0\u00bb global_colors_info=\u00a0\u00bb{}\u00a0\u00bb]<\/p>\n<h1>De l\u2019entreprise locale<br \/>au groupe familial<\/h1>\n<p>[\/et_pb_text][\/et_pb_column][\/et_pb_row][et_pb_row column_structure=\u00a0\u00bb1_2,1_2&Prime; _builder_version=\u00a0\u00bb4.16&Prime; max_width=\u00a0\u00bb1400px\u00a0\u00bb custom_margin=\u00a0\u00bb0px||||false|false\u00a0\u00bb custom_padding=\u00a0\u00bb0px||||false|false\u00a0\u00bb global_colors_info=\u00a0\u00bb{}\u00a0\u00bb][et_pb_column type=\u00a0\u00bb1_2&Prime; _builder_version=\u00a0\u00bb4.16&Prime; global_colors_info=\u00a0\u00bb{}\u00a0\u00bb][et_pb_image src=\u00a0\u00bbhttps:\/\/groupe-renaudi.com\/site\/wp-content\/uploads\/2020\/01\/ima-hrd452.jpg\u00a0\u00bb _builder_version=\u00a0\u00bb4.16&Prime; animation_direction=\u00a0\u00bbleft\u00a0\u00bb global_colors_info=\u00a0\u00bb{}\u00a0\u00bb][\/et_pb_image][\/et_pb_column][et_pb_column type=\u00a0\u00bb1_2&Prime; _builder_version=\u00a0\u00bb4.16&Prime; custom_padding=\u00a0\u00bb||||false|false\u00a0\u00bb global_colors_info=\u00a0\u00bb{}\u00a0\u00bb][et_pb_text _builder_version=\u00a0\u00bb4.16&Prime; text_font=\u00a0\u00bb||||||||\u00a0\u00bb text_text_color=\u00a0\u00bb#575757&Prime; text_font_size=\u00a0\u00bb16px\u00a0\u00bb text_line_height=\u00a0\u00bb2em\u00a0\u00bb custom_margin=\u00a0\u00bb||||false|false\u00a0\u00bb custom_padding=\u00a0\u00bb||||false|false\u00a0\u00bb animation_style=\u00a0\u00bbfade\u00a0\u00bb animation_direction=\u00a0\u00bbright\u00a0\u00bb animation_duration=\u00a0\u00bb2000ms\u00a0\u00bb global_colors_info=\u00a0\u00bb{}\u00a0\u00bb]<\/p>\n<p><strong>Avec pour fondements la rigueur et l\u2019innovation, trois g\u00e9n\u00e9rations d\u2019entrepreneurs de la famille Renaudi ont su transformer une entreprise locale en un groupe multidisciplinaire de r\u00e9f\u00e9rence dans le secteur des Travaux Publics.<\/strong><\/p>\n<p>Fond\u00e9e en 1964 par Antoine Renaudi, la soci\u00e9t\u00e9 TAMA \u00e9tait \u00e0 l\u2019origine sp\u00e9cialis\u00e9e dans le terrassement et comptait moins de 10 salari\u00e9s \u00e0 la fin des ann\u00e9es 60. Rapidement, celle-ci impose son expertise dans ses diff\u00e9rents domaines d\u2019activit\u00e9 et participe \u00e0 de nombreux chantiers structurant de la C\u00f4te d\u2019Azur. Au fil du temps, l\u2019entreprise continue de se d\u00e9velopper et Philippe Renaudi devient son directeur g\u00e9n\u00e9ral en 1996. Le Groupe Renaudi prendra forme suite aux rachats successifs des entreprises EMGC en 1997, CEFAP et Riviera Concepts en 2014 puis Roatta et Brosio en 2017. C\u2019est d\u00e9sormais la 3<span style=\"font-size: 12px;\"><sup>e<\/sup><\/span> g\u00e9n\u00e9ration, compos\u00e9e de Cl\u00e9mence, Morgane et Anthony Renaudi qui se pr\u00e9pare \u00e0 perp\u00e9tuer les valeurs de proximit\u00e9, de disponibilit\u00e9, de r\u00e9activit\u00e9 et d\u2019exigence qui ont fait la r\u00e9putation du Groupe, tout en continuant \u00e0 miser sur le d\u00e9veloppement durable et les nouvelles technologies.<\/p>\n<p>[\/et_pb_text][\/et_pb_column][\/et_pb_row][\/et_pb_section][et_pb_section fb_built=\u00a0\u00bb1&Prime; admin_label=\u00a0\u00bblogos groupe\u00a0\u00bb _builder_version=\u00a0\u00bb4.16&Prime; background_color=\u00a0\u00bb#D5D5D5&Prime; background_image=\u00a0\u00bbhttps:\/\/groupe-renaudi.com\/site\/wp-content\/uploads\/2020\/02\/background-gr-seul.png\u00a0\u00bb background_size=\u00a0\u00bbinitial\u00a0\u00bb animation_style=\u00a0\u00bbfade\u00a0\u00bb global_colors_info=\u00a0\u00bb{}\u00a0\u00bb][et_pb_row column_structure=\u00a0\u00bb1_3,1_3,1_3&Prime; _builder_version=\u00a0\u00bb4.16&Prime; max_width=\u00a0\u00bb900px\u00a0\u00bb global_colors_info=\u00a0\u00bb{}\u00a0\u00bb][et_pb_column type=\u00a0\u00bb1_3&Prime; _builder_version=\u00a0\u00bb4.16&Prime; global_colors_info=\u00a0\u00bb{}\u00a0\u00bb][\/et_pb_column][et_pb_column type=\u00a0\u00bb1_3&Prime; _builder_version=\u00a0\u00bb4.16&Prime; global_colors_info=\u00a0\u00bb{}\u00a0\u00bb][et_pb_text _builder_version=\u00a0\u00bb4.16&Prime; animation_style=\u00a0\u00bbslide\u00a0\u00bb animation_direction=\u00a0\u00bbtop\u00a0\u00bb animation_duration=\u00a0\u00bb2000ms\u00a0\u00bb global_colors_info=\u00a0\u00bb{}\u00a0\u00bb]<\/p>\n<p style=\"text-align: center;\">\u00a0<img loading=\"lazy\" decoding=\"async\" class=\"alignnone wp-image-388\" src=\"https:\/\/groupe-renaudi.com\/site\/wp-content\/uploads\/2020\/02\/log-renaudi-trans.png\" alt=\"\" width=\"200\" height=\"158\" srcset=\"https:\/\/groupe-renaudi.com\/site\/wp-content\/uploads\/2020\/02\/log-renaudi-trans.png 331w, https:\/\/groupe-renaudi.com\/site\/wp-content\/uploads\/2020\/02\/log-renaudi-trans-300x237.png 300w\" sizes=\"(max-width: 200px) 100vw, 200px\" \/><\/p>\n<p>[\/et_pb_text][\/et_pb_column][et_pb_column type=\u00a0\u00bb1_3&Prime; _builder_version=\u00a0\u00bb4.16&Prime; global_colors_info=\u00a0\u00bb{}\u00a0\u00bb][\/et_pb_column][\/et_pb_row][et_pb_row column_structure=\u00a0\u00bb1_3,1_3,1_3&Prime; _builder_version=\u00a0\u00bb4.16&Prime; max_width=\u00a0\u00bb900px\u00a0\u00bb global_colors_info=\u00a0\u00bb{}\u00a0\u00bb][et_pb_column type=\u00a0\u00bb1_3&Prime; _builder_version=\u00a0\u00bb4.16&Prime; global_colors_info=\u00a0\u00bb{}\u00a0\u00bb][et_pb_text _builder_version=\u00a0\u00bb4.16&Prime; animation_style=\u00a0\u00bbslide\u00a0\u00bb animation_direction=\u00a0\u00bbleft\u00a0\u00bb animation_duration=\u00a0\u00bb2000ms\u00a0\u00bb link_option_url=\u00a0\u00bbhttps:\/\/groupe-renaudi.com\/site\/entreprises\/#roatta\u00a0\u00bb global_colors_info=\u00a0\u00bb{}\u00a0\u00bb]<\/p>\n<p style=\"text-align: center;\">\u00a0<img loading=\"lazy\" decoding=\"async\" class=\"wp-image-371 alignnone size-full\" src=\"https:\/\/groupe-renaudi.com\/site\/wp-content\/uploads\/2020\/02\/log-roatta.png\" alt=\"\" width=\"254\" height=\"68\" \/><\/p>\n<p>[\/et_pb_text][\/et_pb_column][et_pb_column type=\u00a0\u00bb1_3&Prime; _builder_version=\u00a0\u00bb4.16&Prime; global_colors_info=\u00a0\u00bb{}\u00a0\u00bb][et_pb_text _builder_version=\u00a0\u00bb4.16&Prime; animation_style=\u00a0\u00bbslide\u00a0\u00bb animation_duration=\u00a0\u00bb2000ms\u00a0\u00bb link_option_url=\u00a0\u00bbhttps:\/\/groupe-renaudi.com\/site\/entreprises\/#cefap\u00a0\u00bb global_colors_info=\u00a0\u00bb{}\u00a0\u00bb]<\/p>\n<p style=\"text-align: center;\">\u00a0<img loading=\"lazy\" decoding=\"async\" class=\"wp-image-372 alignnone size-full\" src=\"https:\/\/groupe-renaudi.com\/site\/wp-content\/uploads\/2020\/02\/log-cefap.png\" alt=\"\" width=\"205\" height=\"68\" \/><\/p>\n<p>[\/et_pb_text][\/et_pb_column][et_pb_column type=\u00a0\u00bb1_3&Prime; _builder_version=\u00a0\u00bb4.16&Prime; global_colors_info=\u00a0\u00bb{}\u00a0\u00bb][et_pb_text _builder_version=\u00a0\u00bb4.16&Prime; animation_style=\u00a0\u00bbslide\u00a0\u00bb animation_direction=\u00a0\u00bbright\u00a0\u00bb animation_duration=\u00a0\u00bb2000ms\u00a0\u00bb link_option_url=\u00a0\u00bbhttps:\/\/groupe-renaudi.com\/site\/entreprises\/#tama\u00a0\u00bb global_colors_info=\u00a0\u00bb{}\u00a0\u00bb]<\/p>\n<p style=\"text-align: center;\">\u00a0<img loading=\"lazy\" decoding=\"async\" class=\"wp-image-376 alignnone size-full\" src=\"https:\/\/groupe-renaudi.com\/site\/wp-content\/uploads\/2020\/02\/log-tama.png\" alt=\"\" width=\"210\" height=\"70\" \/><\/p>\n<p>[\/et_pb_text][\/et_pb_column][\/et_pb_row][et_pb_row column_structure=\u00a0\u00bb1_3,1_3,1_3&Prime; _builder_version=\u00a0\u00bb4.16&Prime; max_width=\u00a0\u00bb900px\u00a0\u00bb global_colors_info=\u00a0\u00bb{}\u00a0\u00bb][et_pb_column type=\u00a0\u00bb1_3&Prime; _builder_version=\u00a0\u00bb4.16&Prime; global_colors_info=\u00a0\u00bb{}\u00a0\u00bb][et_pb_text _builder_version=\u00a0\u00bb4.16&Prime; animation_style=\u00a0\u00bbslide\u00a0\u00bb animation_direction=\u00a0\u00bbleft\u00a0\u00bb animation_duration=\u00a0\u00bb2000ms\u00a0\u00bb link_option_url=\u00a0\u00bbhttps:\/\/groupe-renaudi.com\/site\/entreprises\/#brosio\u00a0\u00bb global_colors_info=\u00a0\u00bb{}\u00a0\u00bb]<\/p>\n<p style=\"text-align: center;\">\u00a0<img loading=\"lazy\" decoding=\"async\" class=\"wp-image-370 alignnone size-full\" src=\"https:\/\/groupe-renaudi.com\/site\/wp-content\/uploads\/2020\/02\/log-brosio.png\" alt=\"\" width=\"257\" height=\"75\" \/><\/p>\n<p>[\/et_pb_text][\/et_pb_column][et_pb_column type=\u00a0\u00bb1_3&Prime; _builder_version=\u00a0\u00bb4.16&Prime; global_colors_info=\u00a0\u00bb{}\u00a0\u00bb][et_pb_text _builder_version=\u00a0\u00bb4.16&Prime; animation_style=\u00a0\u00bbslide\u00a0\u00bb animation_duration=\u00a0\u00bb2000ms\u00a0\u00bb link_option_url=\u00a0\u00bbhttps:\/\/groupe-renaudi.com\/site\/entreprises\/#riviera\u00a0\u00bb global_colors_info=\u00a0\u00bb{}\u00a0\u00bb]<\/p>\n<p style=\"text-align: center;\">\u00a0<img loading=\"lazy\" decoding=\"async\" class=\"wp-image-375 alignnone size-full\" src=\"https:\/\/groupe-renaudi.com\/site\/wp-content\/uploads\/2020\/02\/log-riviera.png\" alt=\"\" width=\"228\" height=\"82\" \/><\/p>\n<p>[\/et_pb_text][\/et_pb_column][et_pb_column type=\u00a0\u00bb1_3&Prime; _builder_version=\u00a0\u00bb4.16&Prime; global_colors_info=\u00a0\u00bb{}\u00a0\u00bb][et_pb_text _builder_version=\u00a0\u00bb4.16&Prime; animation_style=\u00a0\u00bbslide\u00a0\u00bb animation_direction=\u00a0\u00bbright\u00a0\u00bb animation_duration=\u00a0\u00bb2000ms\u00a0\u00bb link_option_url=\u00a0\u00bbhttps:\/\/groupe-renaudi.com\/site\/entreprises\/#emgc\u00a0\u00bb global_colors_info=\u00a0\u00bb{}\u00a0\u00bb]<\/p>\n<p style=\"text-align: center;\">\u00a0<img loading=\"lazy\" decoding=\"async\" class=\"wp-image-373 alignnone size-full\" src=\"https:\/\/groupe-renaudi.com\/site\/wp-content\/uploads\/2020\/02\/log-emgc.png\" alt=\"\" width=\"210\" height=\"66\" \/><\/p>\n<p>[\/et_pb_text][\/et_pb_column][\/et_pb_row][et_pb_row column_structure=\u00a0\u00bb1_3,1_3,1_3&Prime; _builder_version=\u00a0\u00bb4.16&Prime; max_width=\u00a0\u00bb900px\u00a0\u00bb global_colors_info=\u00a0\u00bb{}\u00a0\u00bb][et_pb_column type=\u00a0\u00bb1_3&Prime; _builder_version=\u00a0\u00bb4.16&Prime; global_colors_info=\u00a0\u00bb{}\u00a0\u00bb][\/et_pb_column][et_pb_column type=\u00a0\u00bb1_3&Prime; _builder_version=\u00a0\u00bb4.16&Prime; global_colors_info=\u00a0\u00bb{}\u00a0\u00bb][et_pb_text _builder_version=\u00a0\u00bb4.16&Prime; animation_style=\u00a0\u00bbslide\u00a0\u00bb animation_direction=\u00a0\u00bbbottom\u00a0\u00bb animation_duration=\u00a0\u00bb2000ms\u00a0\u00bb link_option_url=\u00a0\u00bbhttps:\/\/groupe-renaudi.com\/site\/entreprises\/#maralpin\u00a0\u00bb global_colors_info=\u00a0\u00bb{}\u00a0\u00bb]<\/p>\n<p style=\"text-align: center;\">\u00a0<img loading=\"lazy\" decoding=\"async\" class=\"wp-image-374 alignnone size-full\" src=\"https:\/\/groupe-renaudi.com\/site\/wp-content\/uploads\/2020\/02\/log-maral.png\" alt=\"\" width=\"220\" height=\"75\" \/><\/p>\n<p>[\/et_pb_text][\/et_pb_column][et_pb_column type=\u00a0\u00bb1_3&Prime; _builder_version=\u00a0\u00bb4.16&Prime; global_colors_info=\u00a0\u00bb{}\u00a0\u00bb][\/et_pb_column][\/et_pb_row][\/et_pb_section]<\/p>\n","protected":false},"excerpt":{"rendered":"<p>De l\u2019entreprise localeau groupe familialAvec pour fondements la rigueur et l\u2019innovation, trois g\u00e9n\u00e9rations d\u2019entrepreneurs de la famille Renaudi ont su transformer une entreprise locale en un groupe multidisciplinaire de r\u00e9f\u00e9rence dans le secteur des Travaux Publics. Fond\u00e9e en 1964 par Antoine Renaudi, la soci\u00e9t\u00e9 TAMA \u00e9tait \u00e0 l\u2019origine sp\u00e9cialis\u00e9e dans le terrassement et comptait moins [&hellip;]<\/p>\n","protected":false},"author":1,"featured_media":0,"parent":0,"menu_order":0,"comment_status":"closed","ping_status":"closed","template":"","meta":{"_et_pb_use_builder":"on","_et_pb_old_content":"","_et_gb_content_width":"","footnotes":""},"class_list":["post-9","page","type-page","status-publish","hentry"],"_links":{"self":[{"href":"https:\/\/groupe-renaudi.com\/site\/wp-json\/wp\/v2\/pages\/9","targetHints":{"allow":["GET"]}}],"collection":[{"href":"https:\/\/groupe-renaudi.com\/site\/wp-json\/wp\/v2\/pages"}],"about":[{"href":"https:\/\/groupe-renaudi.com\/site\/wp-json\/wp\/v2\/types\/page"}],"author":[{"embeddable":true,"href":"https:\/\/groupe-renaudi.com\/site\/wp-json\/wp\/v2\/users\/1"}],"replies":[{"embeddable":true,"href":"https:\/\/groupe-renaudi.com\/site\/wp-json\/wp\/v2\/comments?post=9"}],"version-history":[{"count":49,"href":"https:\/\/groupe-renaudi.com\/site\/wp-json\/wp\/v2\/pages\/9\/revisions"}],"predecessor-version":[{"id":1728,"href":"https:\/\/groupe-renaudi.com\/site\/wp-json\/wp\/v2\/pages\/9\/revisions\/1728"}],"wp:attachment":[{"href":"https:\/\/groupe-renaudi.com\/site\/wp-json\/wp\/v2\/media?parent=9"}],"curies":[{"name":"wp","href":"https:\/\/api.w.org\/{rel}","templated":true}]}}