{"id":702,"date":"2020-02-12T15:22:13","date_gmt":"2020-02-12T14:22:13","guid":{"rendered":"https:\/\/groupe-renaudi.com\/site\/?page_id=702"},"modified":"2022-04-14T11:39:14","modified_gmt":"2022-04-14T09:39:14","slug":"mentions-legales","status":"publish","type":"page","link":"https:\/\/groupe-renaudi.com\/site\/mentions-legales\/","title":{"rendered":"Mentions l\u00e9gales"},"content":{"rendered":"<p>[et_pb_section fb_built=\u00a0\u00bb1&Prime; fullwidth=\u00a0\u00bbon\u00a0\u00bb _builder_version=\u00a0\u00bb4.16&Prime; animation_style=\u00a0\u00bbfade\u00a0\u00bb global_colors_info=\u00a0\u00bb{}\u00a0\u00bb collapsed=\u00a0\u00bbon\u00a0\u00bb][et_pb_fullwidth_image src=\u00a0\u00bbhttps:\/\/groupe-renaudi.com\/site\/wp-content\/uploads\/2020\/01\/slide-pres01.jpg\u00a0\u00bb _builder_version=\u00a0\u00bb4.16&Prime; global_colors_info=\u00a0\u00bb{}\u00a0\u00bb][\/et_pb_fullwidth_image][\/et_pb_section][et_pb_section fb_built=\u00a0\u00bb1&Prime; _builder_version=\u00a0\u00bb4.16&Prime; animation_style=\u00a0\u00bbfade\u00a0\u00bb global_colors_info=\u00a0\u00bb{}\u00a0\u00bb][et_pb_row _builder_version=\u00a0\u00bb4.16&Prime; max_width=\u00a0\u00bb1200px\u00a0\u00bb custom_margin=\u00a0\u00bb||0px||false|false\u00a0\u00bb global_colors_info=\u00a0\u00bb{}\u00a0\u00bb][et_pb_column type=\u00a0\u00bb4_4&Prime; _builder_version=\u00a0\u00bb4.16&Prime; global_colors_info=\u00a0\u00bb{}\u00a0\u00bb][et_pb_text _builder_version=\u00a0\u00bb4.16&Prime; header_font=\u00a0\u00bb|600||on|||||\u00a0\u00bb header_line_height=\u00a0\u00bb1.2em\u00a0\u00bb animation_style=\u00a0\u00bbfade\u00a0\u00bb animation_direction=\u00a0\u00bbbottom\u00a0\u00bb hover_enabled=\u00a0\u00bb0&Prime; global_colors_info=\u00a0\u00bb{}\u00a0\u00bb sticky_enabled=\u00a0\u00bb0&Prime; admin_label=\u00a0\u00bbtitre &#8211; mentions l\u00e9gales\u00a0\u00bb]<\/p>\n<h1 style=\"text-align: center;\">mentions l\u00e9gales<\/h1>\n<p>[\/et_pb_text][\/et_pb_column][\/et_pb_row][et_pb_row column_structure=\u00a0\u00bb1_2,1_2&Prime; _builder_version=\u00a0\u00bb4.16&Prime; max_width=\u00a0\u00bb1200px\u00a0\u00bb custom_margin=\u00a0\u00bb0px||||false|false\u00a0\u00bb custom_padding=\u00a0\u00bb0px||||false|false\u00a0\u00bb global_colors_info=\u00a0\u00bb{}\u00a0\u00bb][et_pb_column type=\u00a0\u00bb1_2&Prime; _builder_version=\u00a0\u00bb4.16&Prime; global_colors_info=\u00a0\u00bb{}\u00a0\u00bb][et_pb_text _builder_version=\u00a0\u00bb4.17.0&Prime; hover_enabled=\u00a0\u00bb0&Prime; global_colors_info=\u00a0\u00bb{}\u00a0\u00bb sticky_enabled=\u00a0\u00bb0&Prime;]<\/p>\n<p><strong>Propri\u00e9t\u00e9 du site<\/strong><\/p>\n<p>Le pr\u00e9sent site groupe-renaudi.com est la propri\u00e9t\u00e9 de la soci\u00e9t\u00e9 RENAUDI Holding, soci\u00e9t\u00e9 \u00e0 responsabilit\u00e9 limit\u00e9e, au capital social de 1 250 300 euros, dont le si\u00e8ge social est situ\u00e9 : 63, Chemin de la Campanette, 06800 Cagnes sur Mer.<\/p>\n<p><strong>R\u00e9alisation du site<\/strong><\/p>\n<p>Pole Company \u2013 Agence Conseil en Communication \u00e0 Nice \u2013\u00a0<a href=\"http:\/\/www.polecompany.com\/\" target=\"_blank\" rel=\"noopener noreferrer\">www.polecompany.com<\/a><\/p>\n<p><strong>H\u00e9bergement du site<\/strong><\/p>\n<p>OVH \u2013\u00a0 2 rue Kellermann \u2013 59100 ROUBAIX \u2013 France<\/p>\n<p><strong>Marques<\/strong><\/p>\n<p>Les marques et logos figurant sur le site sont des marques et logos d\u00e9pos\u00e9s. Toute reproduction totale ou partielle de ces marques et logos sans autorisation expresse de leurs ayants droits est prohib\u00e9e.<\/p>\n<p><strong>Liens hypertextes<\/strong><\/p>\n<p>Les liens hypertextes, mis en place dans le cadre du pr\u00e9sent site Web en direction d\u2019autres ressources pr\u00e9sentes sur le r\u00e9seau Internet, ne sauraient engager la responsabilit\u00e9 de RENAUDI Holding.<\/p>\n<p>[\/et_pb_text][\/et_pb_column][et_pb_column type=\u00a0\u00bb1_2&Prime; _builder_version=\u00a0\u00bb4.16&Prime; global_colors_info=\u00a0\u00bb{}\u00a0\u00bb][et_pb_text _builder_version=\u00a0\u00bb4.16&Prime; hover_enabled=\u00a0\u00bb0&Prime; global_colors_info=\u00a0\u00bb{}\u00a0\u00bb sticky_enabled=\u00a0\u00bb0&Prime;]<\/p>\n<p><strong>Cookie(s)<\/strong><\/p>\n<p>La navigation sur le site groupe-renaudi.com est susceptible de provoquer l\u2019installation de cookie(s) sur l\u2019ordinateur de l\u2019utilisateur. Un cookie est un fichier de petite taille, qui ne permet pas l\u2019identification de l\u2019utilisateur, mais qui enregistre des informations relatives \u00e0 la navigation d\u2019un ordinateur sur un site. Les donn\u00e9es ainsi obtenues visent \u00e0 faciliter la navigation ult\u00e9rieure sur le site, et ont \u00e9galement vocation \u00e0 permettre diverses mesures de fr\u00e9quentation.<\/p>\n<p><strong>Copyright<\/strong><\/p>\n<p>Textes et photos non contractuels, pouvant subir de l\u00e9g\u00e8res variations. Toutes les images pr\u00e9sentes sur ce site sont des images prot\u00e9g\u00e9es par copyright. La reproduction et exploitation de ces images sont strictement interdites sans accord \u00e9crit au pr\u00e9alable.<\/p>\n<p><strong>Loi informatique et libert\u00e9s<\/strong><\/p>\n<p>Les utilisateurs du site groupe-renaudi.com sont tenus de respecter les dispositions de la loi informatique, fichiers et libert\u00e9s, dont la violation est passible de sanctions p\u00e9nales. Ils doivent notamment s\u2019abstenir, s\u2019agissant des informations nominatives auxquelles ils acc\u00e8dent, de toute collecte, de toute utilisation d\u00e9tourn\u00e9e, et d\u2019une mani\u00e8re g\u00e9n\u00e9rale, de tout acte susceptible de porter atteinte \u00e0 la vie priv\u00e9e ou \u00e0 la r\u00e9putation des personnes. Les contrevenants s\u2019exposent \u00e0 des sanctions p\u00e9nales conform\u00e9ment aux dispositions de la section V du nouveau code p\u00e9nal intitul\u00e9 \u00ab Des atteintes aux droits des personnes r\u00e9sultant des fichiers ou des traitements informatiques \u00bb et du chapitre III intitul\u00e9 \u00ab Des atteintes aux syst\u00e8mes de traitement automatis\u00e9 des donn\u00e9es \u00bb.<\/p>\n<p>[\/et_pb_text][\/et_pb_column][\/et_pb_row][\/et_pb_section][et_pb_section fb_built=\u00a0\u00bb1&Prime; admin_label=\u00a0\u00bblogos groupe\u00a0\u00bb _builder_version=\u00a0\u00bb4.16&Prime; background_color=\u00a0\u00bb#D5D5D5&Prime; background_image=\u00a0\u00bbhttps:\/\/groupe-renaudi.com\/site\/wp-content\/uploads\/2020\/02\/background-gr-seul.png\u00a0\u00bb background_size=\u00a0\u00bbinitial\u00a0\u00bb animation_style=\u00a0\u00bbfade\u00a0\u00bb global_colors_info=\u00a0\u00bb{}\u00a0\u00bb][et_pb_row column_structure=\u00a0\u00bb1_3,1_3,1_3&Prime; _builder_version=\u00a0\u00bb4.16&Prime; max_width=\u00a0\u00bb900px\u00a0\u00bb global_colors_info=\u00a0\u00bb{}\u00a0\u00bb][et_pb_column type=\u00a0\u00bb1_3&Prime; _builder_version=\u00a0\u00bb4.16&Prime; global_colors_info=\u00a0\u00bb{}\u00a0\u00bb][\/et_pb_column][et_pb_column type=\u00a0\u00bb1_3&Prime; _builder_version=\u00a0\u00bb4.16&Prime; global_colors_info=\u00a0\u00bb{}\u00a0\u00bb][et_pb_text _builder_version=\u00a0\u00bb4.16&Prime; animation_style=\u00a0\u00bbslide\u00a0\u00bb animation_direction=\u00a0\u00bbtop\u00a0\u00bb animation_duration=\u00a0\u00bb2000ms\u00a0\u00bb global_colors_info=\u00a0\u00bb{}\u00a0\u00bb]<\/p>\n<p style=\"text-align: center;\">\u00a0<img loading=\"lazy\" decoding=\"async\" class=\"alignnone wp-image-388\" src=\"https:\/\/groupe-renaudi.com\/site\/wp-content\/uploads\/2020\/02\/log-renaudi-trans.png\" alt=\"\" width=\"200\" height=\"158\" srcset=\"https:\/\/groupe-renaudi.com\/site\/wp-content\/uploads\/2020\/02\/log-renaudi-trans.png 331w, https:\/\/groupe-renaudi.com\/site\/wp-content\/uploads\/2020\/02\/log-renaudi-trans-300x237.png 300w\" sizes=\"(max-width: 200px) 100vw, 200px\" \/><\/p>\n<p>[\/et_pb_text][\/et_pb_column][et_pb_column type=\u00a0\u00bb1_3&Prime; _builder_version=\u00a0\u00bb4.16&Prime; global_colors_info=\u00a0\u00bb{}\u00a0\u00bb][\/et_pb_column][\/et_pb_row][et_pb_row column_structure=\u00a0\u00bb1_3,1_3,1_3&Prime; _builder_version=\u00a0\u00bb4.16&Prime; max_width=\u00a0\u00bb900px\u00a0\u00bb global_colors_info=\u00a0\u00bb{}\u00a0\u00bb][et_pb_column type=\u00a0\u00bb1_3&Prime; _builder_version=\u00a0\u00bb4.16&Prime; global_colors_info=\u00a0\u00bb{}\u00a0\u00bb][et_pb_text _builder_version=\u00a0\u00bb4.16&Prime; animation_style=\u00a0\u00bbslide\u00a0\u00bb animation_direction=\u00a0\u00bbleft\u00a0\u00bb animation_duration=\u00a0\u00bb2000ms\u00a0\u00bb link_option_url=\u00a0\u00bbhttps:\/\/groupe-renaudi.com\/site\/entreprises\/#roatta\u00a0\u00bb global_colors_info=\u00a0\u00bb{}\u00a0\u00bb]<\/p>\n<p style=\"text-align: center;\">\u00a0<img loading=\"lazy\" decoding=\"async\" class=\"wp-image-371 alignnone size-full\" src=\"https:\/\/groupe-renaudi.com\/site\/wp-content\/uploads\/2020\/02\/log-roatta.png\" alt=\"\" width=\"254\" height=\"68\" \/><\/p>\n<p>[\/et_pb_text][\/et_pb_column][et_pb_column type=\u00a0\u00bb1_3&Prime; _builder_version=\u00a0\u00bb4.16&Prime; global_colors_info=\u00a0\u00bb{}\u00a0\u00bb][et_pb_text _builder_version=\u00a0\u00bb4.16&Prime; animation_style=\u00a0\u00bbslide\u00a0\u00bb animation_duration=\u00a0\u00bb2000ms\u00a0\u00bb link_option_url=\u00a0\u00bbhttps:\/\/groupe-renaudi.com\/site\/entreprises\/#cefap\u00a0\u00bb global_colors_info=\u00a0\u00bb{}\u00a0\u00bb]<\/p>\n<p style=\"text-align: center;\">\u00a0<img loading=\"lazy\" decoding=\"async\" class=\"wp-image-372 alignnone size-full\" src=\"https:\/\/groupe-renaudi.com\/site\/wp-content\/uploads\/2020\/02\/log-cefap.png\" alt=\"\" width=\"205\" height=\"68\" \/><\/p>\n<p>[\/et_pb_text][\/et_pb_column][et_pb_column type=\u00a0\u00bb1_3&Prime; _builder_version=\u00a0\u00bb4.16&Prime; global_colors_info=\u00a0\u00bb{}\u00a0\u00bb][et_pb_text _builder_version=\u00a0\u00bb4.16&Prime; animation_style=\u00a0\u00bbslide\u00a0\u00bb animation_direction=\u00a0\u00bbright\u00a0\u00bb animation_duration=\u00a0\u00bb2000ms\u00a0\u00bb link_option_url=\u00a0\u00bbhttps:\/\/groupe-renaudi.com\/site\/entreprises\/#tama\u00a0\u00bb global_colors_info=\u00a0\u00bb{}\u00a0\u00bb]<\/p>\n<p style=\"text-align: center;\">\u00a0<img loading=\"lazy\" decoding=\"async\" class=\"wp-image-376 alignnone size-full\" src=\"https:\/\/groupe-renaudi.com\/site\/wp-content\/uploads\/2020\/02\/log-tama.png\" alt=\"\" width=\"210\" height=\"70\" \/><\/p>\n<p>[\/et_pb_text][\/et_pb_column][\/et_pb_row][et_pb_row column_structure=\u00a0\u00bb1_3,1_3,1_3&Prime; _builder_version=\u00a0\u00bb4.16&Prime; max_width=\u00a0\u00bb900px\u00a0\u00bb global_colors_info=\u00a0\u00bb{}\u00a0\u00bb][et_pb_column type=\u00a0\u00bb1_3&Prime; _builder_version=\u00a0\u00bb4.16&Prime; global_colors_info=\u00a0\u00bb{}\u00a0\u00bb][et_pb_text _builder_version=\u00a0\u00bb4.16&Prime; animation_style=\u00a0\u00bbslide\u00a0\u00bb animation_direction=\u00a0\u00bbleft\u00a0\u00bb animation_duration=\u00a0\u00bb2000ms\u00a0\u00bb link_option_url=\u00a0\u00bbhttps:\/\/groupe-renaudi.com\/site\/entreprises\/#brosio\u00a0\u00bb global_colors_info=\u00a0\u00bb{}\u00a0\u00bb]<\/p>\n<p style=\"text-align: center;\">\u00a0<img loading=\"lazy\" decoding=\"async\" class=\"wp-image-370 alignnone size-full\" src=\"https:\/\/groupe-renaudi.com\/site\/wp-content\/uploads\/2020\/02\/log-brosio.png\" alt=\"\" width=\"257\" height=\"75\" \/><\/p>\n<p>[\/et_pb_text][\/et_pb_column][et_pb_column type=\u00a0\u00bb1_3&Prime; _builder_version=\u00a0\u00bb4.16&Prime; global_colors_info=\u00a0\u00bb{}\u00a0\u00bb][et_pb_text _builder_version=\u00a0\u00bb4.16&Prime; animation_style=\u00a0\u00bbslide\u00a0\u00bb animation_duration=\u00a0\u00bb2000ms\u00a0\u00bb link_option_url=\u00a0\u00bbhttps:\/\/groupe-renaudi.com\/site\/entreprises\/#riviera\u00a0\u00bb global_colors_info=\u00a0\u00bb{}\u00a0\u00bb]<\/p>\n<p style=\"text-align: center;\">\u00a0<img loading=\"lazy\" decoding=\"async\" class=\"wp-image-375 alignnone size-full\" src=\"https:\/\/groupe-renaudi.com\/site\/wp-content\/uploads\/2020\/02\/log-riviera.png\" alt=\"\" width=\"228\" height=\"82\" \/><\/p>\n<p>[\/et_pb_text][\/et_pb_column][et_pb_column type=\u00a0\u00bb1_3&Prime; _builder_version=\u00a0\u00bb4.16&Prime; global_colors_info=\u00a0\u00bb{}\u00a0\u00bb][et_pb_text _builder_version=\u00a0\u00bb4.16&Prime; animation_style=\u00a0\u00bbslide\u00a0\u00bb animation_direction=\u00a0\u00bbright\u00a0\u00bb animation_duration=\u00a0\u00bb2000ms\u00a0\u00bb link_option_url=\u00a0\u00bbhttps:\/\/groupe-renaudi.com\/site\/entreprises\/#emgc\u00a0\u00bb global_colors_info=\u00a0\u00bb{}\u00a0\u00bb]<\/p>\n<p style=\"text-align: center;\">\u00a0<img loading=\"lazy\" decoding=\"async\" class=\"wp-image-373 alignnone size-full\" src=\"https:\/\/groupe-renaudi.com\/site\/wp-content\/uploads\/2020\/02\/log-emgc.png\" alt=\"\" width=\"210\" height=\"66\" \/><\/p>\n<p>[\/et_pb_text][\/et_pb_column][\/et_pb_row][et_pb_row column_structure=\u00a0\u00bb1_3,1_3,1_3&Prime; _builder_version=\u00a0\u00bb4.16&Prime; max_width=\u00a0\u00bb900px\u00a0\u00bb global_colors_info=\u00a0\u00bb{}\u00a0\u00bb][et_pb_column type=\u00a0\u00bb1_3&Prime; _builder_version=\u00a0\u00bb4.16&Prime; global_colors_info=\u00a0\u00bb{}\u00a0\u00bb][\/et_pb_column][et_pb_column type=\u00a0\u00bb1_3&Prime; _builder_version=\u00a0\u00bb4.16&Prime; global_colors_info=\u00a0\u00bb{}\u00a0\u00bb][et_pb_text _builder_version=\u00a0\u00bb4.16&Prime; animation_style=\u00a0\u00bbslide\u00a0\u00bb animation_direction=\u00a0\u00bbbottom\u00a0\u00bb animation_duration=\u00a0\u00bb2000ms\u00a0\u00bb link_option_url=\u00a0\u00bbhttps:\/\/groupe-renaudi.com\/site\/entreprises\/#maralpin\u00a0\u00bb global_colors_info=\u00a0\u00bb{}\u00a0\u00bb]<\/p>\n<p style=\"text-align: center;\">\u00a0<img loading=\"lazy\" decoding=\"async\" class=\"wp-image-374 alignnone size-full\" src=\"https:\/\/groupe-renaudi.com\/site\/wp-content\/uploads\/2020\/02\/log-maral.png\" alt=\"\" width=\"220\" height=\"75\" \/><\/p>\n<p>[\/et_pb_text][\/et_pb_column][et_pb_column type=\u00a0\u00bb1_3&Prime; _builder_version=\u00a0\u00bb4.16&Prime; global_colors_info=\u00a0\u00bb{}\u00a0\u00bb][\/et_pb_column][\/et_pb_row][\/et_pb_section]<\/p>\n","protected":false},"excerpt":{"rendered":"<p>mentions l\u00e9galesPropri\u00e9t\u00e9 du site Le pr\u00e9sent site groupe-renaudi.com est la propri\u00e9t\u00e9 de la soci\u00e9t\u00e9 RENAUDI Holding, soci\u00e9t\u00e9 \u00e0 responsabilit\u00e9 limit\u00e9e, au capital social de 1 250 300 euros, dont le si\u00e8ge social est situ\u00e9 : 63, Chemin de la Campanette, 06800 Cagnes sur Mer. R\u00e9alisation du site Pole Company \u2013 Agence Conseil en Communication \u00e0 [&hellip;]<\/p>\n","protected":false},"author":1,"featured_media":0,"parent":0,"menu_order":0,"comment_status":"closed","ping_status":"closed","template":"","meta":{"_et_pb_use_builder":"on","_et_pb_old_content":"","_et_gb_content_width":"","footnotes":""},"class_list":["post-702","page","type-page","status-publish","hentry"],"_links":{"self":[{"href":"https:\/\/groupe-renaudi.com\/site\/wp-json\/wp\/v2\/pages\/702","targetHints":{"allow":["GET"]}}],"collection":[{"href":"https:\/\/groupe-renaudi.com\/site\/wp-json\/wp\/v2\/pages"}],"about":[{"href":"https:\/\/groupe-renaudi.com\/site\/wp-json\/wp\/v2\/types\/page"}],"author":[{"embeddable":true,"href":"https:\/\/groupe-renaudi.com\/site\/wp-json\/wp\/v2\/users\/1"}],"replies":[{"embeddable":true,"href":"https:\/\/groupe-renaudi.com\/site\/wp-json\/wp\/v2\/comments?post=702"}],"version-history":[{"count":9,"href":"https:\/\/groupe-renaudi.com\/site\/wp-json\/wp\/v2\/pages\/702\/revisions"}],"predecessor-version":[{"id":1696,"href":"https:\/\/groupe-renaudi.com\/site\/wp-json\/wp\/v2\/pages\/702\/revisions\/1696"}],"wp:attachment":[{"href":"https:\/\/groupe-renaudi.com\/site\/wp-json\/wp\/v2\/media?parent=702"}],"curies":[{"name":"wp","href":"https:\/\/api.w.org\/{rel}","templated":true}]}}