{"id":1735,"date":"2023-08-24T15:00:22","date_gmt":"2023-08-24T13:00:22","guid":{"rendered":"https:\/\/groupe-renaudi.com\/site\/?page_id=1735"},"modified":"2024-12-10T07:09:37","modified_gmt":"2024-12-10T06:09:37","slug":"recrutement","status":"publish","type":"page","link":"https:\/\/groupe-renaudi.com\/site\/recrutement\/","title":{"rendered":"Recrutement"},"content":{"rendered":"<p>[et_pb_section fb_built=\u00a0\u00bb1&Prime; fullwidth=\u00a0\u00bbon\u00a0\u00bb _builder_version=\u00a0\u00bb4.16&Prime; animation_style=\u00a0\u00bbfade\u00a0\u00bb collapsed=\u00a0\u00bbon\u00a0\u00bb global_colors_info=\u00a0\u00bb{}\u00a0\u00bb][et_pb_fullwidth_image src=\u00a0\u00bbhttps:\/\/groupe-renaudi.com\/site\/wp-content\/uploads\/2024\/12\/ima-recrutement.jpg\u00a0\u00bb title_text=\u00a0\u00bbDesign sans titre (1)\u00a0\u00bb _builder_version=\u00a0\u00bb4.27.4&Prime; global_colors_info=\u00a0\u00bb{}\u00a0\u00bb][\/et_pb_fullwidth_image][\/et_pb_section][et_pb_section fb_built=\u00a0\u00bb1&Prime; _builder_version=\u00a0\u00bb4.22.1&Prime; _module_preset=\u00a0\u00bbdefault\u00a0\u00bb min_height=\u00a0\u00bb783.7px\u00a0\u00bb global_colors_info=\u00a0\u00bb{}\u00a0\u00bb][et_pb_row column_structure=\u00a0\u00bb1_5,3_5,1_5&Prime; _builder_version=\u00a0\u00bb4.16&Prime; max_width=\u00a0\u00bb1400px\u00a0\u00bb custom_margin=\u00a0\u00bb0px||||false|false\u00a0\u00bb custom_padding=\u00a0\u00bb0px||||false|false\u00a0\u00bb collapsed=\u00a0\u00bboff\u00a0\u00bb global_colors_info=\u00a0\u00bb{}\u00a0\u00bb][et_pb_column type=\u00a0\u00bb1_5&Prime; _builder_version=\u00a0\u00bb4.16&Prime; global_colors_info=\u00a0\u00bb{}\u00a0\u00bb][\/et_pb_column][et_pb_column type=\u00a0\u00bb3_5&Prime; _builder_version=\u00a0\u00bb4.16&Prime; custom_padding=\u00a0\u00bb||||false|false\u00a0\u00bb global_colors_info=\u00a0\u00bb{}\u00a0\u00bb][et_pb_text _builder_version=\u00a0\u00bb4.16&Prime; header_font=\u00a0\u00bb|600||on|||||\u00a0\u00bb header_line_height=\u00a0\u00bb1.2em\u00a0\u00bb animation_style=\u00a0\u00bbfade\u00a0\u00bb animation_direction=\u00a0\u00bbbottom\u00a0\u00bb header_font_size_tablet=\u00a0\u00bb\u00a0\u00bb header_font_size_phone=\u00a0\u00bb25px\u00a0\u00bb header_font_size_last_edited=\u00a0\u00bbon|phone\u00a0\u00bb global_colors_info=\u00a0\u00bb{}\u00a0\u00bb]<\/p>\n<h1 style=\"text-align: center;\">REJOIGNEZ-NOUS !<\/h1>\n<p>[\/et_pb_text][\/et_pb_column][et_pb_column type=\u00a0\u00bb1_5&Prime; _builder_version=\u00a0\u00bb4.16&Prime; custom_padding=\u00a0\u00bb||||false|false\u00a0\u00bb global_colors_info=\u00a0\u00bb{}\u00a0\u00bb][\/et_pb_column][\/et_pb_row][et_pb_row column_structure=\u00a0\u00bb1_2,1_2&Prime; _builder_version=\u00a0\u00bb4.27.4&Prime; _module_preset=\u00a0\u00bbdefault\u00a0\u00bb max_width=\u00a0\u00bb1100px\u00a0\u00bb custom_margin=\u00a0\u00bb0px||0px||true|false\u00a0\u00bb custom_padding=\u00a0\u00bb0px||0px||true|false\u00a0\u00bb global_colors_info=\u00a0\u00bb{}\u00a0\u00bb][et_pb_column type=\u00a0\u00bb1_2&Prime; _builder_version=\u00a0\u00bb4.27.4&Prime; _module_preset=\u00a0\u00bbdefault\u00a0\u00bb global_colors_info=\u00a0\u00bb{}\u00a0\u00bb][et_pb_text disabled_on=\u00a0\u00bboff|off|off\u00a0\u00bb _builder_version=\u00a0\u00bb4.27.4&Prime; text_font=\u00a0\u00bb||||||||\u00a0\u00bb text_text_color=\u00a0\u00bb#575757&Prime; text_font_size=\u00a0\u00bb16px\u00a0\u00bb text_line_height=\u00a0\u00bb2em\u00a0\u00bb custom_margin=\u00a0\u00bb||||false|false\u00a0\u00bb custom_padding=\u00a0\u00bb||||false|false\u00a0\u00bb animation_direction=\u00a0\u00bbright\u00a0\u00bb hover_enabled=\u00a0\u00bb0&Prime; global_colors_info=\u00a0\u00bb{}\u00a0\u00bb sticky_enabled=\u00a0\u00bb0&Prime;]<\/p>\n<p><strong>Nous recrutons pour nos diff\u00e9rentes entit\u00e9s :<\/strong><\/p>\n<p>\u27a1\ufe0f Ma\u00e7ons &#8211; VRD \ud83d\udc77\u200d\u2642\ufe0f\ud83d\udc77\u200d\u2640\ufe0f<br \/>\u27a1\ufe0f Conducteurs d&rsquo;engin &#8211; VRD<br \/>\u27a1\ufe0f Chefs d&rsquo;\u00e9quipe VRD \/ Chefs d&rsquo;\u00e9quipe canalisation<br \/>\u27a1\ufe0f Chefs de chantier \ud83c\udfd7\ufe0f<br \/>\u27a1\ufe0f R\u00e9gleurs d&rsquo;enrob\u00e9 \/ Cylindreurs d&rsquo;enrob\u00e9<br \/>\u27a1\ufe0f Tailleurs de pierres<br \/>\u27a1\ufe0f Canalisateurs \/ Tuyauteurs<br \/>\u27a1\ufe0f Contr\u00f4leurs de r\u00e9seaux<br \/>\u27a1\ufe0f Dessinateurs projeteurs TP &amp; VRD<br \/>\u27a1\ufe0f Techniciens de d\u00e9tection de r\u00e9seaux \ud83d\udd27<br \/>\u27a1\ufe0f Topographes<br \/>\u27a1\ufe0f Techniciens photogramm\u00e9trie et scanner<br \/>\u27a1\ufe0f Pilotes de dr\u00f4ne<\/p>\n<p>Si vous \u00eates int\u00e9ress\u00e9(e) par l\u2019un de ces postes,<br \/>n\u2019h\u00e9sitez pas \u00e0 nous contacter via ce formulaire<br \/>ou \u00e0 nous envoyer un email \u00e0 <a href=\"mailto:jobs@rh-groupe.fr\">jobs@rh-groupe.fr<\/a><\/p>\n<p>[\/et_pb_text][\/et_pb_column][et_pb_column type=\u00a0\u00bb1_2&Prime; _builder_version=\u00a0\u00bb4.27.4&Prime; _module_preset=\u00a0\u00bbdefault\u00a0\u00bb global_colors_info=\u00a0\u00bb{}\u00a0\u00bb][et_pb_code _builder_version=\u00a0\u00bb4.27.4&Prime; _module_preset=\u00a0\u00bbdefault\u00a0\u00bb custom_margin=\u00a0\u00bb||||false|false\u00a0\u00bb custom_padding=\u00a0\u00bb||||false|false\u00a0\u00bb global_colors_info=\u00a0\u00bb{}\u00a0\u00bb]<style id=\"wpforms-css-vars-1761\">\n\t\t\t\t#wpforms-1761 {\n\t\t\t\t\n\t\t\t}\n\t\t\t<\/style><div class=\"wpforms-container wpforms-container-full wpforms-render-modern\" id=\"wpforms-1761\"><form id=\"wpforms-form-1761\" class=\"wpforms-validate wpforms-form wpforms-ajax-form\" data-formid=\"1761\" method=\"post\" enctype=\"multipart\/form-data\" action=\"\/site\/wp-json\/wp\/v2\/pages\/1735\" data-token=\"9bcadc2bb767503293133e3e4356d4b2\" data-token-time=\"1777125173\"><noscript class=\"wpforms-error-noscript\">Veuillez activer JavaScript dans votre navigateur pour remplir ce formulaire.<\/noscript><div id=\"wpforms-error-noscript\" style=\"display: none;\">Veuillez activer JavaScript dans votre navigateur pour remplir ce formulaire.<\/div><div class=\"wpforms-field-container\"><div id=\"wpforms-1761-field_0-container\" class=\"wpforms-field wpforms-field-name\" data-field-id=\"0\"><fieldset><legend class=\"wpforms-field-label\">Pr\u00e9nom - Nom <span class=\"wpforms-required-label\" aria-hidden=\"true\">*<\/span><\/legend><div class=\"wpforms-field-row wpforms-field-medium\"><div class=\"wpforms-field-row-block wpforms-first wpforms-one-half\"><input type=\"text\" id=\"wpforms-1761-field_0\" class=\"wpforms-field-name-first wpforms-field-required\" name=\"wpforms[fields][0][first]\" aria-errormessage=\"wpforms-1761-field_0-error\" required><label for=\"wpforms-1761-field_0\" class=\"wpforms-field-sublabel after\">Pr\u00e9nom<\/label><\/div><div class=\"wpforms-field-row-block wpforms-one-half\"><input type=\"text\" id=\"wpforms-1761-field_0-last\" class=\"wpforms-field-name-last wpforms-field-required\" name=\"wpforms[fields][0][last]\" aria-errormessage=\"wpforms-1761-field_0-last-error\" required><label for=\"wpforms-1761-field_0-last\" class=\"wpforms-field-sublabel after\">Nom<\/label><\/div><\/div><\/fieldset><\/div><div id=\"wpforms-1761-field_6-container\" class=\"wpforms-field wpforms-field-text\" data-field-id=\"6\"><label class=\"wpforms-field-label\" for=\"wpforms-1761-field_6\">Num\u00e9ro de t\u00e9l\u00e9phone <span class=\"wpforms-required-label\" aria-hidden=\"true\">*<\/span><\/label><input type=\"text\" id=\"wpforms-1761-field_6\" class=\"wpforms-field-medium wpforms-field-required\" name=\"wpforms[fields][6]\" aria-errormessage=\"wpforms-1761-field_6-error\" required><\/div><div id=\"wpforms-1761-field_1-container\" class=\"wpforms-field wpforms-field-email\" data-field-id=\"1\"><label class=\"wpforms-field-label\" for=\"wpforms-1761-field_1\">E-mail <span class=\"wpforms-required-label\" aria-hidden=\"true\">*<\/span><\/label><input type=\"email\" id=\"wpforms-1761-field_1\" class=\"wpforms-field-medium wpforms-field-required\" name=\"wpforms[fields][1]\" spellcheck=\"false\" aria-errormessage=\"wpforms-1761-field_1-error\" required><\/div><div id=\"wpforms-1761-field_4-container\" class=\"wpforms-field wpforms-field-select wpforms-field-select-style-classic\" data-field-id=\"4\"><label class=\"wpforms-field-label\" for=\"wpforms-1761-field_4\">A quel poste souhaitez-vous postuler ? <span class=\"wpforms-required-label\" aria-hidden=\"true\">*<\/span><\/label><select id=\"wpforms-1761-field_4\" class=\"wpforms-field-medium wpforms-field-required\" name=\"wpforms[fields][4]\" required=\"required\"><option value=\"-\"  class=\"choice-1 depth-1\"  >-<\/option><option value=\"Ma\u00e7on - VRD\"  class=\"choice-14 depth-1\"  >Ma\u00e7on - VRD<\/option><option value=\"Conducteur d\u2019engin \u2013 VRD\"  class=\"choice-2 depth-1\"  >Conducteur d\u2019engin \u2013 VRD<\/option><option value=\"Chef d\u2019\u00e9quipe VRD \/ Chefs d\u2019\u00e9quipe canalisation\"  class=\"choice-3 depth-1\"  >Chef d\u2019\u00e9quipe VRD \/ Chefs d\u2019\u00e9quipe canalisation<\/option><option value=\"Chef de chantier\"  class=\"choice-5 depth-1\"  >Chef de chantier<\/option><option value=\"R\u00e9gleur d\u2019enrob\u00e9 \/ Cylindreur d\u2019enrob\u00e9\"  class=\"choice-4 depth-1\"  >R\u00e9gleur d\u2019enrob\u00e9 \/ Cylindreur d\u2019enrob\u00e9<\/option><option value=\"Tailleur de pierres\"  class=\"choice-6 depth-1\"  >Tailleur de pierres<\/option><option value=\"Canalisateur \/ Tuyauteur\"  class=\"choice-7 depth-1\"  >Canalisateur \/ Tuyauteur<\/option><option value=\"Contr\u00f4leur de r\u00e9seaux\"  class=\"choice-8 depth-1\"  >Contr\u00f4leur de r\u00e9seaux<\/option><option value=\"Dessinateur projeteur TP &amp; VRD\"  class=\"choice-9 depth-1\"  >Dessinateur projeteur TP &amp; VRD<\/option><option value=\"Technicien de d\u00e9tection de r\u00e9seaux\"  class=\"choice-10 depth-1\"  >Technicien de d\u00e9tection de r\u00e9seaux<\/option><option value=\"Topographe\"  class=\"choice-11 depth-1\"  >Topographe<\/option><option value=\"Technicien photogramm\u00e9trie et scanner\"  class=\"choice-12 depth-1\"  >Technicien photogramm\u00e9trie et scanner<\/option><option value=\"Pilote de dr\u00f4ne\"  class=\"choice-13 depth-1\"  >Pilote de dr\u00f4ne<\/option><\/select><\/div><div id=\"wpforms-1761-field_2-container\" class=\"wpforms-field wpforms-field-textarea\" data-field-id=\"2\"><label class=\"wpforms-field-label\" for=\"wpforms-1761-field_2\">Commentaire ou message<\/label><textarea id=\"wpforms-1761-field_2\" class=\"wpforms-field-medium\" name=\"wpforms[fields][2]\" aria-errormessage=\"wpforms-1761-field_2-error\" ><\/textarea><\/div><\/div><!-- .wpforms-field-container --><div class=\"wpforms-submit-container\" ><input type=\"hidden\" name=\"wpforms[id]\" value=\"1761\"><input type=\"hidden\" name=\"page_title\" value=\"\"><input type=\"hidden\" name=\"page_url\" value=\"https:\/\/groupe-renaudi.com\/site\/wp-json\/wp\/v2\/pages\/1735\"><input type=\"hidden\" name=\"url_referer\" value=\"\"><button type=\"submit\" name=\"wpforms[submit]\" id=\"wpforms-submit-1761\" class=\"wpforms-submit\" data-alt-text=\"Envoi...\" data-submit-text=\"Envoyer\" aria-live=\"assertive\" value=\"wpforms-submit\">Envoyer<\/button><img loading=\"lazy\" decoding=\"async\" src=\"https:\/\/groupe-renaudi.com\/site\/wp-content\/plugins\/wpforms-lite\/assets\/images\/submit-spin.svg\" class=\"wpforms-submit-spinner\" style=\"display: none;\" width=\"26\" height=\"26\" alt=\"Chargement en cours\"><\/div><\/form><\/div>  <!-- .wpforms-container -->[\/et_pb_code][\/et_pb_column][\/et_pb_row][\/et_pb_section][et_pb_section fb_built=\u00a0\u00bb1&Prime; fullwidth=\u00a0\u00bbon\u00a0\u00bb _builder_version=\u00a0\u00bb4.16&Prime; animation_style=\u00a0\u00bbfade\u00a0\u00bb collapsed=\u00a0\u00bbon\u00a0\u00bb global_colors_info=\u00a0\u00bb{}\u00a0\u00bb][et_pb_fullwidth_image src=\u00a0\u00bbhttps:\/\/groupe-renaudi.com\/site\/wp-content\/uploads\/2020\/02\/ima-dev02.jpg\u00a0\u00bb _builder_version=\u00a0\u00bb4.16&Prime; global_colors_info=\u00a0\u00bb{}\u00a0\u00bb][\/et_pb_fullwidth_image][\/et_pb_section]<\/p>\n","protected":false},"excerpt":{"rendered":"<p>REJOIGNEZ-NOUS !Nous recrutons pour nos diff\u00e9rentes entit\u00e9s : \u27a1\ufe0f Ma\u00e7ons &#8211; VRD \ud83d\udc77\u200d\u2642\ufe0f\ud83d\udc77\u200d\u2640\ufe0f\u27a1\ufe0f Conducteurs d&rsquo;engin &#8211; VRD\u27a1\ufe0f Chefs d&rsquo;\u00e9quipe VRD \/ Chefs d&rsquo;\u00e9quipe canalisation\u27a1\ufe0f Chefs de chantier \ud83c\udfd7\ufe0f\u27a1\ufe0f R\u00e9gleurs d&rsquo;enrob\u00e9 \/ Cylindreurs d&rsquo;enrob\u00e9\u27a1\ufe0f Tailleurs de pierres\u27a1\ufe0f Canalisateurs \/ Tuyauteurs\u27a1\ufe0f Contr\u00f4leurs de r\u00e9seaux\u27a1\ufe0f Dessinateurs projeteurs TP &amp; VRD\u27a1\ufe0f Techniciens de d\u00e9tection de r\u00e9seaux \ud83d\udd27\u27a1\ufe0f Topographes\u27a1\ufe0f Techniciens [&hellip;]<\/p>\n","protected":false},"author":2,"featured_media":0,"parent":0,"menu_order":0,"comment_status":"closed","ping_status":"closed","template":"","meta":{"_et_pb_use_builder":"on","_et_pb_old_content":"","_et_gb_content_width":"","footnotes":""},"class_list":["post-1735","page","type-page","status-publish","hentry"],"_links":{"self":[{"href":"https:\/\/groupe-renaudi.com\/site\/wp-json\/wp\/v2\/pages\/1735","targetHints":{"allow":["GET"]}}],"collection":[{"href":"https:\/\/groupe-renaudi.com\/site\/wp-json\/wp\/v2\/pages"}],"about":[{"href":"https:\/\/groupe-renaudi.com\/site\/wp-json\/wp\/v2\/types\/page"}],"author":[{"embeddable":true,"href":"https:\/\/groupe-renaudi.com\/site\/wp-json\/wp\/v2\/users\/2"}],"replies":[{"embeddable":true,"href":"https:\/\/groupe-renaudi.com\/site\/wp-json\/wp\/v2\/comments?post=1735"}],"version-history":[{"count":21,"href":"https:\/\/groupe-renaudi.com\/site\/wp-json\/wp\/v2\/pages\/1735\/revisions"}],"predecessor-version":[{"id":1820,"href":"https:\/\/groupe-renaudi.com\/site\/wp-json\/wp\/v2\/pages\/1735\/revisions\/1820"}],"wp:attachment":[{"href":"https:\/\/groupe-renaudi.com\/site\/wp-json\/wp\/v2\/media?parent=1735"}],"curies":[{"name":"wp","href":"https:\/\/api.w.org\/{rel}","templated":true}]}}